{"id":80,"date":"2019-01-01T18:02:58","date_gmt":"2019-01-01T18:02:58","guid":{"rendered":"http:\/\/s767237499.onlinehome.fr\/?page_id=80"},"modified":"2021-01-22T18:15:44","modified_gmt":"2021-01-22T18:15:44","slug":"deutsch","status":"publish","type":"page","link":"https:\/\/www.aspidor.com\/?page_id=80","title":{"rendered":"Eine reine und frische Luft in ihrem Badezimmer und ihren Toiletten"},"content":{"rendered":"<div  data-label=\"Overlappable\" data-id=\"overlappable--1\" data-export-id=\"overlappable-4\" data-category=\"overlappable\" class=\"overlappable-4 content-section content-section-spacing solid_stone\" data-overlap=\"true\" id=\"overlappable-1\"><div  class=\"gridContainer\"> <div  data-type=\"row\" class=\"row spaced-cols text-center\"><div  class=\"col-xs-12 col-sm-4 col-padding\"> <i  class=\"fa icon shadow-large-black aligncenter fa-cogs reverse round large color12\"><\/i> <div  data-type=\"column\" class=\"\"> <h5  class=\"\"><span  style=\"font-family: Open Sans, arial, helvetica, sans-serif; font-weight: 700; color: rgb(255, 255, 255);\">EFFIZIENT<\/span><\/h5> <\/div> <\/div> <div  class=\"col-xs-12 col-sm-4 col-padding\"> <i  class=\"fa icon shadow-large-black aligncenter fa-tree reverse round large color12\"><\/i> <div  data-type=\"column\" class=\"\"><h5  class=\"\"><span  style=\"font-family: Open Sans, arial, helvetica, sans-serif; font-weight: 700; color: rgb(255, 255, 255);\">NATUR<\/span><\/h5> <\/div> <\/div> <div  class=\"col-xs-12 col-sm-4 col-padding\"> <i  class=\"fa icon shadow-large-black aligncenter fa-recycle reverse round large color12\"><\/i> <div  data-type=\"column\" class=\"\"><h5  class=\"\"><span  style=\"font-family: Open Sans, arial, helvetica, sans-serif; font-weight: 700; color: rgb(255, 255, 255);\">\u00d6KOLOGISCH<\/span><\/h5> <\/div> <\/div><\/div> <\/div><\/div><div  data-label=\"Content\" data-id=\"content--1\" data-export-id=\"content-12\" data-category=\"content\" class=\"content-12 content-section content-section-spacing white-text solid_stone\" id=\"content-1\"><div  class=\"gridContainer\"> <div  class=\"row text-center\"><div  class=\"section-title-col\" data-type=\"column\"> <h2  class=\"\">Aspidor\u24c7, der Geruchsabsorber, Verb\u00fcndete ihres Wohlbefindens<\/h2> <p  class=\"lead\" style=\"text-align: justify;\"><span  style=\"font-weight: 400;\">Badezimmer, Toiletten \u2026 Manche Ger\u00fcche sind schwer zu vertragen und die mangelnden Bel\u00fcftungsm\u00f6glichkeiten k\u00f6nnen die Verwendung von Deodorants erzwingen, deren Zusammensetzung nicht immer gesundheitlich unbedenklich ist oder die nicht ohne Folgen auf die Umwelt ist.<\/span><br ><span  style=\"font-weight: 400;\">\nAls Einzel- oder als Kollektivausr\u00fcstung ist der Geruchsabsorber Aspidor\u24c7, Sieger bei EquipH\u00f4tel Paris, die einzige L\u00f6sung f\u00fcr Ihren Komfort und derjenige Ihres Umfelds.<\/span><\/p><\/div> <\/div> <div  class=\"row center-xs middle-xs\"> <div  class=\"col-sm-9\" data-type=\"column\"> <\/div> <\/div><\/div> <\/div><div  data-label=\"Content\" data-id=\"content--2\" data-export-id=\"content-12\" data-category=\"content\" class=\"content-12 content-section content-section-spacing white-text solid_stone\" id=\"content-2\"><div  class=\"gridContainer\"> <div  class=\"row text-center\"><div  class=\"section-title-col\" data-type=\"column\">  <\/div> <\/div> <div  class=\"row center-xs middle-xs\"> <div  class=\"col-sm-9\" data-type=\"column\"> <img decoding=\"async\"  class=\"shadow-large\" src=\"https:\/\/www.aspidor.com\/wp-content\/uploads\/2019\/05\/cropped-aspidor_dessus_dessous-1.png\" alt=\"\" title=\"cropped-aspidor_dessus_dessous-1.png\"><\/div> <\/div><\/div> <\/div><div  data-label=\"Content\" data-id=\"content--3\" data-export-id=\"content-12\" data-category=\"content\" class=\"content-12 content-section content-section-spacing solid_stone\" id=\"content-3\"><div  class=\"gridContainer\"> <div  class=\"row text-center\"><div  class=\"section-title-col\" data-type=\"column\">  <\/div> <\/div> <div  class=\"row center-xs middle-xs\"> <div  class=\"col-sm-9\" data-type=\"column\"><a class=\"button color3\" href=\"https:\/\/www.aspidor.com\/wp-content\/uploads\/2019\/02\/aspidor_dessus_1365x1365.png\" target=\"lightbox\" data-cp-link=\"1\" data-icon=\"fa-search\" rel=\"noopener noreferrer\"><span  class=\"button-icon fa fa-search\"><\/span>Ansicht von oben<\/a> <a class=\"button color12\" href=\"https:\/\/www.aspidor.com\/wp-content\/uploads\/2019\/02\/aspidor_dessous_1365x1365.png\" target=\"lightbox\" data-cp-link=\"1\" data-icon=\"fa-search\" rel=\"noopener noreferrer\"><span  class=\"button-icon fa fa-search\"><\/span>Ansicht von unten<\/a><p  class=\"\" style=\"text-align: justify;\">Attraktives Design, Qualit\u00e4t der Komponenten und bew\u00e4hrte Effizienz sind einige der Eigenschaften die den Ruf von Aspidor\u24c7 gemacht haben.&nbsp;Die einfache Installation erlaubt eine Anpassung auf die meisten Toilettensch\u00fcsseln, unabh\u00e4ngig von der Montageart (Boden oder Wand).<\/p><\/div> <\/div><\/div> <\/div><div  data-label=\"About\" data-id=\"about--1\" data-export-id=\"about-10\" data-category=\"about\" class=\"about-10 content-section content-section-spacing white-text solid_stone\" id=\"about-1\"><div  class=\"gridContainer\"> <div  class=\"row middle-sm text-center\"><div  class=\"col-sm-5 space-bottom-xs content-column\" data-type=\"column\">  <h2  class=\"\">Aspidor\u24c7 ihre L\u00f6sung<\/h2> <p  class=\"\">Der High-Tech Toilettensitz ASPIDOR\u24c7  neutralisiert Ger\u00fcche, bevor sie sich im Raum ausbreiten, und filtert sie direkt dort wo sie entstehen.<\/p> <p  class=\"\">ASPIDOR\u24c7 ist nicht nur f\u00fcr Privath\u00e4user gedacht, sondern auch f\u00fcr viele \u00f6ffentliche Geb\u00e4ude sowie Hotels, Restaurants oder noch Bahnh\u00f6fe und Flugh\u00e4fen.<\/p><p  class=\"\">Seine einfachen Formen erlauben eine perfekte Anpassung in ihrem Badezimmer und ihren Toiletten.<\/p><img decoding=\"async\"  class=\"custom-image\" src=\"https:\/\/www.aspidor.com\/wp-content\/uploads\/2019\/05\/cropped-aspidor_tech_10_arrondie-2.png\" alt=\"\" title=\"cropped-aspidor_tech_10_arrondie-2.png\"><\/div> <div  class=\"col-sm-7 flexbox middle-xs center-xs space-bottom-xs\"><div  class=\"overlay-box middle-xs center-xs flexbox\"> <div  class=\"overlay-box-offset offset-border shadow-medium border-color1 hide-xs\"><\/div> <img decoding=\"async\"  class=\"shadow-large\" data-size=\"485x705\" src=\"https:\/\/www.aspidor.com\/wp-content\/uploads\/2019\/02\/aspidor_solution01_430x616.jpg\" alt=\"Aspidor, votre solution\" title=\"Aspidor, votre solution\"><\/div> <\/div><\/div> <\/div><\/div><div  data-label=\"Features\" data-id=\"features--1\" data-export-id=\"features-16\" data-category=\"features\" class=\"features-16 content-section content-section-spacing white-text solid_stone\" id=\"features-1\"><div  class=\"gridContainer\"> <div  class=\"row text-center\"><div  class=\"section-title-col\" data-type=\"column\"> <h2  class=\"\">Aspidor\u24c7: 3 vollautomatische Funktionen.<\/h2> <p  class=\"lead\"><span  style=\"font-weight: 600;\">Geruchsbeseitigung dank Aktivkohlefilter<\/span><\/p><p  class=\"lead\"><span  style=\"font-weight: 600;\">Verbreitung eines nat\u00fcrlichen Duftes durch Mischung der Umluft<\/span><\/p><p  class=\"lead\"><span  style=\"font-weight: 600;\">Beseitigung von Keimen und Bakterien (Active Shield System)<\/span><\/p><\/div> <\/div> <div  class=\"row spaced-cols content-center-sm center-sm\" data-type=\"row\"> <div  class=\"col-xs-12 col-sm-6 space-bottom col-md-3 \"> <img decoding=\"async\"  class=\"face\" src=\"https:\/\/www.aspidor.com\/wp-content\/uploads\/2019\/02\/aspidor_tech04_600x400.jpg\" alt=\"Aspidor technique\" title=\"Aspidor technique\"> <div  data-type=\"column\" class=\"col-padding-small col-padding-small-xs description-container\"> <h4  class=\"font-500\" style=\"text-align: center;\">Montage Anweisung<\/h4> <p  class=\"\" style=\"text-align: justify;\">Der Antibakteriell behandelte Toilettensitz ASPIDOR\u24c7 passt sich den meisten gelegten oder aufgeh\u00e4ngten&nbsp; Toilettensch\u00fcsseln an. Das exklusive Montagesystem ASPIDOR\u24c7 erlaubt eine pr\u00e4zise Positionierung unabh\u00e4ngig vom Modell. Der Einsatz von \u201eSoft Close\u201c Scharniere d\u00e4mpft Ger\u00e4uschlos die Senkung des Deckels.<\/p> <\/div> <\/div> <div  class=\"col-xs-12 col-sm-6 space-bottom col-md-3 \"> <img decoding=\"async\"  class=\"face\" src=\"https:\/\/www.aspidor.com\/wp-content\/uploads\/2019\/02\/aspidor_tech02_378x252.jpg\" alt=\"\" title=\"Aspidor technique\"> <div  data-type=\"column\" class=\"col-padding-small col-padding-small-xs description-container\"> <h4  class=\"font-500\" style=\"text-align: center;\">Inbetriebnahme<\/h4> <p  class=\"\" style=\"text-align: justify;\">Die Inbetriebnahme des Geruchsabsorber ASPIDOR\u24c7 erfordert keinen manuellen Eingriff.\n&nbsp;Ein optischer Pr\u00e4senzsensor gew\u00e4hrleistet ein automatisches Ausl\u00f6sen der Geruchsfiltration sobald sich Jemanden auf den Sitz niederl\u00e4sst.&nbsp;Zur effizienten Wirksamkeit sorgt ein Mikrochip f\u00fcr eine Verz\u00f6gerung von 40 Sekunden nach jeder Benutzung.<\/p> <\/div> <\/div> <div  class=\"col-xs-12 col-sm-6 space-bottom col-md-3 \"> <img decoding=\"async\"  class=\"face\" src=\"https:\/\/www.aspidor.com\/wp-content\/uploads\/2019\/02\/aspidor_tech06_600x400.jpg\" alt=\"Aspidor technique\" title=\"Aspidor technique\"> <div  data-type=\"column\" class=\"col-padding-small col-padding-small-xs description-container\"> <h4  class=\"font-500\" style=\"text-align: center;\">Filtration<\/h4> <p  class=\"\" style=\"text-align: justify;\">Dank eines, hinter dem Deckel in einem ABS-Kunststoffgeh\u00e4use angebrachten Aktivkohlefilters, ist die Filtration v\u00f6llig nat\u00fcrlich.<br ><br > Eine Lichtanzeige meldet den S\u00e4ttigungsgrad damit das Austauschen rechtzeitig vorgenommen werden kann.<br >\nEin Duftspender parf\u00fcmiert die Raumatmosph\u00e4re sobald die Filtration beendet ist.<\/p> <\/div> <\/div><div  class=\"col-xs-12 col-sm-6 space-bottom col-md-3\"> <img decoding=\"async\"  class=\"face\" src=\"https:\/\/www.aspidor.com\/wp-content\/uploads\/2019\/02\/aspidor_tech07_600x400.jpg\" alt=\"Aspidor technique\" title=\"Aspidor technique\"> <div  data-type=\"column\" class=\"col-padding-small col-padding-small-xs description-container\"> <h4  class=\"font-500\" style=\"text-align: center;\">Energieversorgung<\/h4> <p  class=\"\" style=\"text-align: justify;\">Der Geruchsabsorber ASPIDOR funktioniert entweder auf 12 Volt-Trafo wenn eine Steckdose vorhanden ist oder mit einem Feuchtigkeitgesch\u00fctzten Hochleistungs-Akku. Dieser kann das System \u00fcber Wochen versorgen. F\u00fcr eine optimale Leistung sorgt eine Lichtanzeige die sofort einen Leistungsverlust meldet.<\/p> <\/div> <\/div><\/div> <\/div><\/div><div  data-label=\"About\" data-id=\"about--2\" data-export-id=\"about-6\" data-category=\"about\" class=\"about-6 content-section content-section-spacing white-text solid_stone\" id=\"about-2\"><div  class=\"gridContainer\"> <div  class=\"row middle-sm text-center\"><div  class=\"col-sm-6 space-bottom-xs\" data-type=\"column\">  <h2  class=\"\">Referenzen<\/h2>  <p  class=\"lead\" style=\"text-align: justify;\"><span  style=\"font-weight: 400;\">Der Erfolg des Geruchsabsorber ASPIDOR\u24c7 geht \u00fcber die Grenzen der L\u00e4nder in den das Produkt entwickelt wurde, Frankreich und Deutschland, hinaus<\/span><br ><span  style=\"font-weight: 400;\">\nSeine Pr\u00e4senz und sein Erfolg auf mehreren Kontinenten verdankt ASPIDOR\u24c7 seiner anerkannten Effizienz und der Qualit\u00e4t seiner Komponenten. Der Geruchsabsorber ASPIDOR\u24c7  ist durch mehrere internationale Patente gesch\u00fctzt.<\/span><\/p><\/div> <div  class=\"col-sm-6 image-group-right-3 space-bottom-xs\"><div  class=\"top-media\"> <img decoding=\"async\"  class=\"shadow-large\" data-size=\"350x250\" src=\"https:\/\/www.aspidor.com\/wp-content\/uploads\/2019\/02\/cropped-rheinische-post-13.jpg\" alt=\"\" title=\"cropped-rheinische-post-13.jpg\"><\/div> <div  class=\"bottom-media\"> <img decoding=\"async\"  class=\"shadow-large\" data-size=\"350x250\" src=\"https:\/\/www.aspidor.com\/wp-content\/uploads\/2019\/02\/mdr_388x277.jpg\" alt=\"Aspidor, votre solution\" title=\"Aspidor, votre solution\"><\/div> <div  class=\"left-media\"> <img decoding=\"async\"  class=\"shadow-large\" data-size=\"350x400\" src=\"https:\/\/www.aspidor.com\/wp-content\/uploads\/2019\/02\/equip_innov_800x800.png\" alt=\"Aspidor, votre solution\" title=\"Aspidor, votre solution\"> <div  class=\"offset-double-border-overlay\"> <div  class=\"border-1 shadow-small\"><\/div> <div  class=\"border-2\"><\/div><\/div> <\/div><\/div> <\/div><\/div> <\/div><div  data-label=\"Counters\" data-id=\"counters--1\" data-export-id=\"counters-2\" data-category=\"counters\" class=\"counters-2 content-section content-section-spacing white-text solid_stone\" id=\"counters-1\"><div  class=\"gridContainer\"> <div  class=\"row text-center\"><div  class=\"section-title-col\" data-type=\"column\">  <\/div> <\/div> <div  class=\"row\" data-type=\"row\"> <div  class=\"col-xs-12 col-sm-4 text-center space-bottom col-md-6\"> <i  class=\"fa icon fa-globe bordered round large color3\"><\/i> <h3  class=\"font-400\" data-min=\"0\" data-max=\"17\" data-duration=\"2000\" data-prefix=\"\" data-suffix=\"\" data-countup=\"true\" style=\"display: inline-block;\"><\/h3> <h5  class=\"upper color2\">L\u00e4nder<\/h5><\/div> <div  class=\"col-xs-12 col-sm-4 text-center space-bottom col-md-6\"><i  class=\"fa icon fa-umbrella bordered round large color3\"><\/i> <h3  class=\"font-400\" data-min=\"0\" data-max=\"4\" data-duration=\"2000\" data-prefix=\"\" data-suffix=\"\" data-countup=\"true\" style=\"display: inline-block;\"><\/h3> <h5  class=\"upper color2\">Patente<\/h5><\/div>  <\/div><\/div> <\/div><div  data-label=\"Portfolio\" data-id=\"portfolio--1\" data-export-id=\"portfolio-1\" data-category=\"portfolio\" class=\"portfolio-1 content-section content-section-spacing white-text solid_stone\" id=\"portfolio-1\"><div  class=\"gridContainer\"> <div  class=\"row text-center\"><div  class=\"section-title-col\" data-type=\"column\">  <\/div> <\/div> <div  data-type=\"row\" class=\"row spaced-cols\" data-fixed=\"true\"> <div  class=\"col-xs-12 col-sm-4 col-md-2\"> <div  class=\"contentswap-effect visible\" data-hover-fx=\"portfolio-1\"> <div  class=\"initial-image\"> <img decoding=\"async\"  data-size=\"500x333\" src=\"https:\/\/www.aspidor.com\/wp-content\/uploads\/2019\/02\/cropped-mdr_388x277-5.jpg\"><\/div> <div  class=\"overlay\"><\/div> <div  class=\"swap-inner col-xs-12\"> <div  class=\"row full-height-row bottom-xs\"> <div  class=\"col-xs-12 color1 text-center content-holder\"> <h4  class=\"inverted font-500\"><\/h4> <a href=\"https:\/\/www.aspidor.com\/wp-content\/uploads\/2019\/02\/article_einfach_genial.pdf\" class=\"inverted italic p small\" target=\"lightbox\" data-cp-link=\"1\" rel=\"noopener noreferrer\">Mehr \u2026<\/a><\/div> <\/div><\/div> <\/div><\/div> <div  class=\"col-xs-12 col-sm-4 col-md-2\"><div  class=\"contentswap-effect visible\" data-hover-fx=\"portfolio-1\"> <div  class=\"initial-image\"> <img decoding=\"async\"  data-size=\"500x333\" src=\"https:\/\/www.aspidor.com\/wp-content\/uploads\/2019\/05\/cropped-la_rep-1.png\"><\/div> <div  class=\"overlay\"><\/div> <div  class=\"swap-inner col-xs-12\"> <div  class=\"row full-height-row bottom-xs\"> <div  class=\"col-xs-12 color1 text-center content-holder\"> <h4  class=\"inverted font-500\"><\/h4> <a href=\"https:\/\/www.aspidor.com\/wp-content\/uploads\/2019\/02\/article_la_rep.pdf\" class=\"inverted italic p small\" target=\"lightbox\" data-cp-link=\"1\" rel=\"noopener noreferrer\">Mehr \u2026<\/a><\/div> <\/div><\/div> <\/div><\/div> <div  class=\"col-xs-12 col-sm-4 col-md-2\"><div  class=\"contentswap-effect visible\" data-hover-fx=\"portfolio-1\"> <div  class=\"initial-image\"> <img decoding=\"async\"  data-size=\"500x333\" src=\"https:\/\/www.aspidor.com\/wp-content\/uploads\/2019\/02\/cropped-big_5_dubai-5.png\"><\/div> <div  class=\"overlay\"><\/div> <div  class=\"swap-inner col-xs-12\"> <div  class=\"row full-height-row bottom-xs\"> <div  class=\"col-xs-12 color1 text-center content-holder\"> <h4  class=\"inverted font-500\"><\/h4> <a href=\"https:\/\/www.aspidor.com\/wp-content\/uploads\/2019\/02\/article_dubai.pdf\" class=\"inverted italic p small\" target=\"lightbox\" data-cp-link=\"1\" rel=\"noopener noreferrer\">Mehr \u2026<\/a><\/div> <\/div><\/div> <\/div><\/div>    <div  class=\"col-xs-12 col-sm-4 col-md-2\"> <div  class=\"contentswap-effect visible\" data-hover-fx=\"portfolio-1\"> <div  class=\"initial-image\"> <img decoding=\"async\"  data-size=\"500x333\" src=\"https:\/\/www.aspidor.com\/wp-content\/uploads\/2019\/02\/cropped-equip_hotel_471x360-6.jpg\"><\/div> <div  class=\"overlay\"><\/div> <div  class=\"swap-inner col-xs-12\"> <div  class=\"row full-height-row bottom-xs\"> <div  class=\"col-xs-12 color1 text-center content-holder\"> <h4  class=\"inverted font-500\"><\/h4> <a href=\"https:\/\/www.aspidor.com\/wp-content\/uploads\/2019\/03\/smr_hot_fr_0811.pdf\" class=\"inverted italic p small\" target=\"lightbox\" data-cp-link=\"1\" rel=\"noopener noreferrer\">Mehr \u2026<\/a><\/div> <\/div><\/div> <\/div><\/div><div  class=\"col-xs-12 col-sm-4 col-md-2\"> <div  class=\"contentswap-effect visible\" data-hover-fx=\"portfolio-1\"> <div  class=\"initial-image\"> <img decoding=\"async\"  data-size=\"500x333\" src=\"https:\/\/www.aspidor.com\/wp-content\/uploads\/2019\/02\/cropped-rheinische-post-9.jpg\"><\/div> <div  class=\"overlay\"><\/div> <div  class=\"swap-inner col-xs-12\"> <div  class=\"row full-height-row bottom-xs\"> <div  class=\"col-xs-12 color1 text-center content-holder\"> <h4  class=\"inverted font-500\"><\/h4> <a href=\"https:\/\/www.aspidor.com\/wp-content\/uploads\/2019\/02\/article_rheinische_post.pdf\" class=\"inverted italic p small\" target=\"lightbox\" data-cp-link=\"1\" rel=\"noopener noreferrer\">Mehr \u2026<\/a><\/div> <\/div><\/div> <\/div><\/div><div  class=\"col-xs-12 col-sm-4 col-md-2\"> <div  class=\"contentswap-effect visible\" data-hover-fx=\"portfolio-1\"> <div  class=\"initial-image\"> <img decoding=\"async\"  data-size=\"500x333\" src=\"https:\/\/www.aspidor.com\/wp-content\/uploads\/2019\/02\/cropped-dusseldorf_express-2.jpg\"><\/div> <div  class=\"overlay\"><\/div> <div  class=\"swap-inner col-xs-12\"> <div  class=\"row full-height-row bottom-xs\"> <div  class=\"col-xs-12 color1 text-center content-holder\"> <h4  class=\"inverted font-500\"><\/h4> <a href=\"https:\/\/www.aspidor.com\/wp-content\/uploads\/2019\/02\/article_dusseldorf_express.pdf\" class=\"inverted italic p small\" target=\"lightbox\" data-cp-link=\"1\" rel=\"noopener noreferrer\">Mehr \u2026<\/a><\/div> <\/div><\/div> <\/div><\/div><\/div><\/div> <\/div><div  data-label=\"Contact\" data-id=\"contact--1\" data-export-id=\"contact-1\" data-category=\"contact\" class=\"contact-1 content-section content-section-spacing white-text solid_stone\" data-parallax-depth=\"20\" id=\"contact-1\" data-section-ov=\"1\"><div  class=\"gridContainer\"> <div  class=\"row text-center\"><div  class=\"section-title-col\" data-type=\"column\"> <h2  class=\"\">Kontaktformular<\/h2> <p  class=\"lead\" style=\"text-align: center;\">Sobald wir dieses ausgef\u00fcllten Formular erhalten haben, werden wir mit Ihnen Kontakt aufnehmen.<\/p><\/div> <\/div> <div  class=\"row text-center\"> <div  class=\"col-xs-12 col-sm-8 col-sm-offset-2 contact-form-wrapper inline-info\"> <div  class=\"card large-padding\"> <div  class=\"\" data-content-shortcode=\"mesmerize_contact_form shortcode=&quot;contact-form-7 id=&amp;amp;quot;1264&amp;amp;quot; title=&amp;amp;quot;Formulaire de contact 1 en Allemand&amp;amp;quot;&quot;\" data-editable=\"true\">\n<div class=\"wpcf7 no-js\" id=\"wpcf7-f1264-o1\" lang=\"fr-FR\" dir=\"ltr\">\n<div class=\"screen-reader-response\"><p role=\"status\" aria-live=\"polite\" aria-atomic=\"true\"><\/p> <ul><\/ul><\/div>\n<form action=\"\/index.php?rest_route=%2Fwp%2Fv2%2Fpages%2F80#wpcf7-f1264-o1\" method=\"post\" class=\"wpcf7-form init\" aria-label=\"Formulaire de contact\" novalidate=\"novalidate\" data-status=\"init\">\n<div style=\"display: none;\">\n<input type=\"hidden\" name=\"_wpcf7\" value=\"1264\" \/>\n<input type=\"hidden\" name=\"_wpcf7_version\" value=\"5.9.8\" \/>\n<input type=\"hidden\" name=\"_wpcf7_locale\" value=\"fr_FR\" \/>\n<input type=\"hidden\" name=\"_wpcf7_unit_tag\" value=\"wpcf7-f1264-o1\" \/>\n<input type=\"hidden\" name=\"_wpcf7_container_post\" value=\"0\" \/>\n<input type=\"hidden\" name=\"_wpcf7_posted_data_hash\" value=\"\" \/>\n<input type=\"hidden\" name=\"_wpcf7_recaptcha_response\" value=\"\" \/>\n<\/div>\n<p><label> Ihr Name<br \/>\n<span class=\"wpcf7-form-control-wrap\" data-name=\"your-name\"><input size=\"40\" maxlength=\"400\" class=\"wpcf7-form-control wpcf7-text wpcf7-validates-as-required\" aria-required=\"true\" aria-invalid=\"false\" value=\"\" type=\"text\" name=\"your-name\" \/><\/span> <\/label>\n<\/p>\n<p><label> Ihre Telefonnummer<br \/>\n<span class=\"wpcf7-form-control-wrap\" data-name=\"tel-696\"><input size=\"40\" maxlength=\"400\" class=\"wpcf7-form-control wpcf7-tel wpcf7-text wpcf7-validates-as-tel\" aria-invalid=\"false\" value=\"\" type=\"tel\" name=\"tel-696\" \/><\/span> <\/label>\n<\/p>\n<p><label> Ihre E-mail Adresse<br \/>\n<span class=\"wpcf7-form-control-wrap\" data-name=\"your-email\"><input size=\"40\" maxlength=\"400\" class=\"wpcf7-form-control wpcf7-email wpcf7-validates-as-required wpcf7-text wpcf7-validates-as-email\" aria-required=\"true\" aria-invalid=\"false\" value=\"\" type=\"email\" name=\"your-email\" \/><\/span> <\/label>\n<\/p>\n<p><label> Inhalt<br \/>\n<span class=\"wpcf7-form-control-wrap\" data-name=\"your-subject\"><input size=\"40\" maxlength=\"400\" class=\"wpcf7-form-control wpcf7-text\" aria-invalid=\"false\" value=\"\" type=\"text\" name=\"your-subject\" \/><\/span> <\/label>\n<\/p>\n<p><label> Ihre Nachricht<br \/>\n<span class=\"wpcf7-form-control-wrap\" data-name=\"your-message\"><textarea cols=\"40\" rows=\"10\" maxlength=\"2000\" class=\"wpcf7-form-control wpcf7-textarea\" aria-invalid=\"false\" name=\"your-message\"><\/textarea><\/span> <\/label>\n<\/p>\n<p><input class=\"wpcf7-form-control wpcf7-submit has-spinner\" type=\"submit\" value=\"Senden\" \/>\n<\/p><p style=\"display: none !important;\" class=\"akismet-fields-container\" data-prefix=\"_wpcf7_ak_\"><label>&#916;<textarea name=\"_wpcf7_ak_hp_textarea\" cols=\"45\" rows=\"8\" maxlength=\"100\"><\/textarea><\/label><input type=\"hidden\" id=\"ak_js_1\" name=\"_wpcf7_ak_js\" value=\"78\"\/><script>document.getElementById( \"ak_js_1\" ).setAttribute( \"value\", ( new Date() ).getTime() );<\/script><\/p><div class=\"wpcf7-response-output\" aria-hidden=\"true\"><\/div>\n<\/form>\n<\/div>\n<\/div><\/div> <\/div><\/div> <\/div><\/div>","protected":false},"excerpt":{"rendered":"<p>EFFIZIENT NATUR \u00d6KOLOGISCH Aspidor\u24c7, der Geruchsabsorber, Verb\u00fcndete ihres Wohlbefindens Badezimmer, Toiletten \u2026 Manche Ger\u00fcche sind schwer zu vertragen und die mangelnden Bel\u00fcftungsm\u00f6glichkeiten k\u00f6nnen die Verwendung von Deodorants erzwingen, deren Zusammensetzung nicht immer gesundheitlich unbedenklich ist oder die nicht ohne Folgen auf die Umwelt ist. Als Einzel- oder als Kollektivausr\u00fcstung ist der Geruchsabsorber Aspidor\u24c7, Sieger bei&hellip; <br \/> <a class=\"read-more\" href=\"https:\/\/www.aspidor.com\/?page_id=80\">Lire la suite<\/a><\/p>\n","protected":false},"author":1,"featured_media":0,"parent":0,"menu_order":0,"comment_status":"closed","ping_status":"closed","template":"pro\/page-templates\/full-width-homepage-header.php","meta":{"footnotes":""},"_links":{"self":[{"href":"https:\/\/www.aspidor.com\/index.php?rest_route=\/wp\/v2\/pages\/80"}],"collection":[{"href":"https:\/\/www.aspidor.com\/index.php?rest_route=\/wp\/v2\/pages"}],"about":[{"href":"https:\/\/www.aspidor.com\/index.php?rest_route=\/wp\/v2\/types\/page"}],"author":[{"embeddable":true,"href":"https:\/\/www.aspidor.com\/index.php?rest_route=\/wp\/v2\/users\/1"}],"replies":[{"embeddable":true,"href":"https:\/\/www.aspidor.com\/index.php?rest_route=%2Fwp%2Fv2%2Fcomments&post=80"}],"version-history":[{"count":40,"href":"https:\/\/www.aspidor.com\/index.php?rest_route=\/wp\/v2\/pages\/80\/revisions"}],"predecessor-version":[{"id":4095,"href":"https:\/\/www.aspidor.com\/index.php?rest_route=\/wp\/v2\/pages\/80\/revisions\/4095"}],"wp:attachment":[{"href":"https:\/\/www.aspidor.com\/index.php?rest_route=%2Fwp%2Fv2%2Fmedia&parent=80"}],"curies":[{"name":"wp","href":"https:\/\/api.w.org\/{rel}","templated":true}]}}